{"id":15259,"date":"2022-02-25T11:17:51","date_gmt":"2022-02-25T10:17:51","guid":{"rendered":"https:\/\/openline-vitaly.com\/pravilnik-o-zasebnosti"},"modified":"2025-02-05T14:54:35","modified_gmt":"2025-02-05T13:54:35","slug":"pravilnik-o-zasebnosti","status":"publish","type":"page","link":"https:\/\/openline-vitaly.com\/sl\/pravilnik-o-zasebnosti","title":{"rendered":"Politika zasebnosti"},"content":{"rendered":"<h2>POLITIKA ZASEBNOSTI<\/h2>\n<p>Va\u0161a zasebnost nam je pomembna. Ta izjava o zasebnosti pojasnjuje, katere osebne podatke Open Line Gmbh GmbH, (\u00bbOpen Line Gmbh\u00ab) in njegove h\u010derinske dru\u017ebe (skupaj \u00bbOpen Line Gmbh Group\u00ab ali \u00bbmi\u00ab ali \u00bbnas\u00ab ali \u00bbna\u0161i\u00ab) zbira od vas z va\u0161imi interakcijami z <a href=\"https:\/\/openline-vitaly.com\/\"> www.openline-vitaly.com <\/a> (stran).<\/p>\n<p>Uporabni\u0161ki dostop zagotavlja <strong> Open Line Gmbh GmbH <\/strong> (<strong> \u00bbMi\u00ab <\/strong> ali <strong> \u00bbOpen Line Gmbh Group\u00ab <\/strong> ali <strong> \u00bbnas\u00ab <\/strong>), podjetje, registrirano v Avstriji z DDV \u0161tevilko <strong> ATU72030535 <\/strong> s sede\u017eem na naslovu Grabengasse 25, 3424 Zeiselmauer-Wolfpassing, Avstrija.<\/p>\n<p>Na spletnem mestu vam ni treba posredovati nobenih zahtevanih informacij, vendar \u010de se odlo\u010dite, da jih ne boste posredovali, morda ne bomo mogli obdelati va\u0161e zahteve. Va\u0161a odlo\u010ditev, da ne boste posredovali teh informacij, ne bo vplivala na druge ugodnosti, do katerih ste morda upravi\u010deni.<\/p>\n<p>Osebni podatki so podatki, ki vas identificirajo kot posameznika: va\u0161e ime, priimek, telefonska \u0161tevilka. elektronski naslov ali doma\u010di naslov. Z vnosom kakr\u0161nih koli osebnih podatkov v obrazce na spletnem mestu se strinjate, da vam lahko te osebne podatke uporabimo za po\u0161iljanje novic, informacij o novih izdelkih in funkcionalnostih ali za uporabo v marketin\u0161kih in prodajnih kampanjah.<\/p>\n<p>Open Line Gmbh se zaveda pomena, ki ga dajete varovanju zasebnosti na internetu. Trudimo se za\u0161\u010dititi to zasebnost ter ohraniti zasebnost in varnost va\u0161ih osebnih podatkov med uporabo aplikacije. Va\u0161ih osebnih podatkov ne bomo razkrili tretjim osebam zunaj spletnega mesta brez va\u0161ega soglasja, razen za olaj\u0161anje transakcije, za delovanje v va\u0161em imenu na va\u0161o zahtevo ali v skladu z zakonom.<\/p>\n<h2>Osebni podatki, ki jih zbiramo<\/h2>\n<p>Splo\u0161na uporaba<\/p>\n<p>Nekateri administrativni podatki, kot so va\u0161e polno ime, datum rojstva, spol, telefonska \u0161tevilka, e-po\u0161tni naslov in po\u0161tna \u0161tevilka, se lahko zbirajo, da vam zagotovimo nekaj dodatne vsebine na spletnem mestu in so predmet Direktive o zasebnosti in elektronskih komunikacijah (Directive 2002 \/ 58 \/ ES), Splo\u0161no uredbo o varstvu podatkov (Regulation (EU) 2016\/679) in nacionalno zakonodajo Republike Slovenije (Zakon o varstvu osebnih podatkov (ZVOP-1), Zakon o elektronskem poslovanju na trgu (ZEPT) itd.). Prizadevamo si zbrati \u010dim manj informacij o kon\u010dnem uporabniku. \u010ce zahtevamo osebne podatke, ki niso nujno potrebni za uporabo na\u0161e aplikacije, prosimo za va\u0161e izrecno soglasje, preden jih zberemo. Imate pravico, da kadar koli prekli\u010dete svojo privolitev brez kakr\u0161ne koli razlage in dodatne obremenitve.<\/p>\n<p>Po \u0161tevilnih zakonih o zasebnosti imate pravico zahtevati dostop do svojih osebnih podatkov. \u010ce so va\u0161i osebni podatki napa\u010dni, nepopolni ali niso obdelani v skladu z veljavno zakonodajo ali Open Line Gmbhovimi pravili o zasebnosti, imate pravico, da te podatke popravimo, izbri\u0161emo ali blokiramo.<\/p>\n<h3>Sledenje obiskom spletnega mesta<\/h3>\n<p>Tako kot ve\u010dina spletnih mest tudi spletno mesto uporablja Google Analytics (GA) za sledenje uporabni\u0161kih interakcij. Te podatke uporabljamo za dolo\u010ditev \u0161tevila ljudi, ki uporabljajo na\u0161e spletno mesto, da bi bolje razumeli, kako ga najdejo in uporabljajo, ter da si ogledamo njihovo potovanje skozi funkcije, ki jih ponuja. \u010ceprav GA bele\u017ei podatke, kot so va\u0161a geografska lokacija, naprava, internetni brskalnik in operacijski sistem, nas nobena od teh informacij ne identificira osebno. GA bele\u017ei tudi naslov IP va\u0161ega ra\u010dunalnika, ki bi ga lahko uporabili za osebno identifikacijo, vendar nam Google ne dovoli dostopa do tega. Google menimo, da je obdelovalec podatkov tretjih oseb. GA uporablja pi\u0161kotke, podrobnosti o katerih najdete v Googlovih vodnikih za razvijalce.<\/p>\n<h2>Kako uporabljamo osebne podatke<\/h2>\n<p>Na\u0161a politika zasebnosti velja za vse informacije, ki jih prejmemo od na\u0161ih uporabnikov na spletu. Podatke od na\u0161ih uporabnikov ali o na\u0161ih uporabnikih zbiramo v primerih, ko uporabnik spro\u017ei spletno zahtevo za storitev.<\/p>\n<p>Tukaj so na\u010dini, kako lahko uporabimo va\u0161e osebne podatke:<\/p>\n<ul>\n<li>Nameni administracije spletnega mesta<\/li>\n<li>izpolnjevanje obveznosti po veljavnih pogodbah<\/li>\n<li>splo\u0161na komunikacija z uporabniki<\/li>\n<li>neposredno tr\u017eenje (glasila in novice podjetja)<\/li>\n<li>neposredni stik za poslovne namene preko e-po\u0161te in\/ali telefonske \u0161tevilke, navedene v obrazcu za zahtevo<\/li>\n<\/ul>\n<p>Podatkov o osebni identiteti, ki nam jih posredujete prek na\u0161e spletne programske opreme, ne razkrivamo nobeni tretji osebi za kakr\u0161ne koli tr\u017ene namene. Podatkov, ki jih zberemo od vas, ne prodajamo, ne trgujemo ali distribuiramo zunanjim prodajalcem ali tretjim osebam, ki niso povezane s storitvami, ki jih ponuja Open Line Gmbh.<\/p>\n<h2>Varnost osebnih podatkov<\/h2>\n<p>Samo poobla\u0161\u010dene osebe pri opravljanju uradnih poslov lahko uporabljajo va\u0161e osebne podatke, ki jih vsebuje spletno mesto. Vsako nepoobla\u0161\u010deno razkritje ali zloraba va\u0161ih osebnih podatkov lahko povzro\u010di kazenske in\/ali denarne kazni.<\/p>\n<p>Za upravljanje spletnega mesta se podatki zbirajo za statisti\u010dne in upravljavske namene. Okolje, ki deluje na spletnem mestu, uporablja programske programe za ustvarjanje anonimnih, zbirnih statistik, ki se uporabljajo za ocenjevanje, katere informacije in storitve so najbolj in najmanj uporabne za uporabnike, kak\u0161ne so meritve delovanja storitev in ali obstajajo napa\u010dne operacije. Za namene varnosti spletnega mesta in za zagotovitev, da ta storitev ostane na voljo vsem uporabnikom, uporabljamo programe za spremljanje omre\u017enega prometa, da prepoznamo nepoobla\u0161\u010dene poskuse nalaganja ali spreminjanja informacij ali kako druga\u010de povzro\u010deno \u0161kodo. Nepoobla\u0161\u010deni poskusi nalaganja informacij ali spreminjanja informacij v tej storitvi so strogo prepovedani in so lahko kaznivi.<\/p>\n<h2>Razlogi, zakaj bi lahko delili osebne podatke<\/h2>\n<p>Va\u0161ih osebnih podatkov ne delimo z zunanjimi organi. Va\u0161e osebne podatke lahko razkrijemo, \u010de smo dol\u017eni razkriti ali deliti va\u0161e osebne podatke, da bi izpolnili katero koli zakonsko ali regulativno obveznost ali zahtevo.<\/p>\n<h2>Kako dostopati do in nadzirati svoje osebne podatke<\/h2>\n<p>Kadar koli nas lahko kontaktirate, \u010de \u017eelite izvedeti, katere podatke smo zbrali o vas, in nas prosite, da izpolnimo vse va\u0161e zahteve glede zasebnosti, kot zahteva Splo\u0161na uredba o varstvu podatkov. Za ta namen imamo namenski e-po\u0161tni naslov: <a href=\"mailto:privacy@openline-vitaly.com\"> privacy@openline-vitaly.com <\/a>.<\/p>\n<h2>Kje hranimo in obdelujemo osebne podatke<\/h2>\n<p>Podatki, ki jih zberemo od vas, in podatki, ki jih posredujete ob registraciji za uporabo spletnega mesta, bodo shranjeni v varnem podatkovnem centru, ki se nahaja v Evropski uniji.<\/p>\n<p>Vsi podatki bodo \u0161ifrirani (z uporabo industrijskih standardnih metod), ko bodo preneseni iz va\u0161e naprave v podatkovni center. V va\u0161i napravi niso shranjeni nobeni podatki.<\/p>\n<p>Va\u0161i osebni podatki so za\u0161\u010diteni pred izgubo, razmno\u017eevanjem, uni\u010denjem, manipulacijo in nepoobla\u0161\u010denim dostopom z uporabo najvi\u0161jih industrijskih tehnolo\u0161kih in eti\u010dnih standardov.<\/p>\n<h2>Kontaktirajte nas<\/h2>\n<p>\u010ce imate kakr\u0161na koli vpra\u0161anja v zvezi s to politiko zasebnosti, nas lahko kontaktirate prek namenskega e-po\u0161tnega naslova za vpra\u0161anja o zasebnosti \u2013 ne oklevajte in nam po\u0161ljite svoje vpra\u0161anje na <a href=\"mailto:privacy@openline-vitaly.com\"> privacy @ Open Line Gmbh .com <\/a>.<\/p>\n<h2>Uporaba pi\u0161kotkov<\/h2>\n<p>Na\u0161e obvestilo o pi\u0161kotkih je na voljo <a href=\"https:\/\/openline-vitaly.com\/sl\/uporaba-piskotkov\"> tukaj. <\/a><\/p>\n<p>Na\u0161 pravilnik o zasebnosti se lahko ob\u010dasno spremeni. Pogosto preverjajte to spletno mesto in se prepri\u010dajte, da dostopate do najnovej\u0161e razli\u010dice pravilnika.<\/p>\n","protected":false},"excerpt":{"rendered":"<p>POLITIKA ZASEBNOSTI Va\u0161a zasebnost nam je pomembna. Ta izjava o zasebnosti pojasnjuje, katere osebne podatke Open Line Gmbh GmbH, (\u00bbOpen Line Gmbh\u00ab) in njegove h\u010derinske &#8230; <\/p>\n","protected":false},"author":1,"featured_media":0,"parent":0,"menu_order":0,"comment_status":"closed","ping_status":"open","template":"","meta":{"_acf_changed":false,"footnotes":""},"class_list":["post-15259","page","type-page","status-publish","hentry"],"acf":[],"yoast_head":"<!-- This site is optimized with the Yoast SEO plugin v25.6 - https:\/\/yoast.com\/wordpress\/plugins\/seo\/ -->\n<title>Politika zasebnosti<\/title>\n<meta name=\"robots\" content=\"index, follow, max-snippet:-1, max-image-preview:large, max-video-preview:-1\" \/>\n<link rel=\"canonical\" href=\"https:\/\/openline-vitaly.com\/sl\/pravilnik-o-zasebnosti\" \/>\n<meta property=\"og:locale\" content=\"sl_SI\" \/>\n<meta property=\"og:type\" content=\"article\" \/>\n<meta property=\"og:title\" content=\"Politika zasebnosti\" \/>\n<meta property=\"og:description\" content=\"POLITIKA ZASEBNOSTI Va\u0161a zasebnost nam je pomembna. Ta izjava o zasebnosti pojasnjuje, katere osebne podatke Open Line Gmbh GmbH, (\u00bbOpen Line Gmbh\u00ab) in njegove h\u010derinske ...\" \/>\n<meta property=\"og:url\" content=\"https:\/\/openline-vitaly.com\/sl\/pravilnik-o-zasebnosti\" \/>\n<meta property=\"og:site_name\" content=\"Open Line Vitaly\" \/>\n<meta property=\"article:modified_time\" content=\"2025-02-05T13:54:35+00:00\" \/>\n<meta name=\"twitter:card\" content=\"summary_large_image\" \/>\n<meta name=\"twitter:label1\" content=\"Est. reading time\" \/>\n\t<meta name=\"twitter:data1\" content=\"5 minut\" \/>\n<script type=\"application\/ld+json\" class=\"yoast-schema-graph\">{\"@context\":\"https:\/\/schema.org\",\"@graph\":[{\"@type\":\"WebPage\",\"@id\":\"https:\/\/openline-vitaly.com\/sl\/pravilnik-o-zasebnosti\",\"url\":\"https:\/\/openline-vitaly.com\/sl\/pravilnik-o-zasebnosti\",\"name\":\"Politika zasebnosti\",\"isPartOf\":{\"@id\":\"https:\/\/openline-vitaly.com\/sl#website\"},\"datePublished\":\"2022-02-25T10:17:51+00:00\",\"dateModified\":\"2025-02-05T13:54:35+00:00\",\"breadcrumb\":{\"@id\":\"https:\/\/openline-vitaly.com\/sl\/pravilnik-o-zasebnosti#breadcrumb\"},\"inLanguage\":\"sl-SI\",\"potentialAction\":[{\"@type\":\"ReadAction\",\"target\":[\"https:\/\/openline-vitaly.com\/sl\/pravilnik-o-zasebnosti\"]}]},{\"@type\":\"BreadcrumbList\",\"@id\":\"https:\/\/openline-vitaly.com\/sl\/pravilnik-o-zasebnosti#breadcrumb\",\"itemListElement\":[{\"@type\":\"ListItem\",\"position\":1,\"name\":\"Home\",\"item\":\"https:\/\/openline-vitaly.com\/sl\"},{\"@type\":\"ListItem\",\"position\":2,\"name\":\"Politika zasebnosti\"}]},{\"@type\":\"WebSite\",\"@id\":\"https:\/\/openline-vitaly.com\/sl#website\",\"url\":\"https:\/\/openline-vitaly.com\/sl\",\"name\":\"Open Line Vitaly\",\"description\":\"We design and develop user-friendly solutions that simplify collaboration across healthcare settings and bring valuable results.\",\"publisher\":{\"@id\":\"https:\/\/openline-vitaly.com\/sl#organization\"},\"potentialAction\":[{\"@type\":\"SearchAction\",\"target\":{\"@type\":\"EntryPoint\",\"urlTemplate\":\"https:\/\/openline-vitaly.com\/sl?s={search_term_string}\"},\"query-input\":{\"@type\":\"PropertyValueSpecification\",\"valueRequired\":true,\"valueName\":\"search_term_string\"}}],\"inLanguage\":\"sl-SI\"},{\"@type\":\"Organization\",\"@id\":\"https:\/\/openline-vitaly.com\/sl#organization\",\"name\":\"Parsek\",\"url\":\"https:\/\/openline-vitaly.com\/sl\",\"logo\":{\"@type\":\"ImageObject\",\"inLanguage\":\"sl-SI\",\"@id\":\"https:\/\/openline-vitaly.com\/sl#\/schema\/logo\/image\/\",\"url\":\"https:\/\/openline-vitaly.com\/wp-content\/uploads\/2018\/11\/Parsek-logo-black@2x.png\",\"contentUrl\":\"https:\/\/openline-vitaly.com\/wp-content\/uploads\/2018\/11\/Parsek-logo-black@2x.png\",\"width\":1754,\"height\":1242,\"caption\":\"Parsek\"},\"image\":{\"@id\":\"https:\/\/openline-vitaly.com\/sl#\/schema\/logo\/image\/\"}}]}<\/script>\n<!-- \/ Yoast SEO plugin. -->","yoast_head_json":{"title":"Politika zasebnosti","robots":{"index":"index","follow":"follow","max-snippet":"max-snippet:-1","max-image-preview":"max-image-preview:large","max-video-preview":"max-video-preview:-1"},"canonical":"https:\/\/openline-vitaly.com\/sl\/pravilnik-o-zasebnosti","og_locale":"sl_SI","og_type":"article","og_title":"Politika zasebnosti","og_description":"POLITIKA ZASEBNOSTI Va\u0161a zasebnost nam je pomembna. Ta izjava o zasebnosti pojasnjuje, katere osebne podatke Open Line Gmbh GmbH, (\u00bbOpen Line Gmbh\u00ab) in njegove h\u010derinske ...","og_url":"https:\/\/openline-vitaly.com\/sl\/pravilnik-o-zasebnosti","og_site_name":"Open Line Vitaly","article_modified_time":"2025-02-05T13:54:35+00:00","twitter_card":"summary_large_image","twitter_misc":{"Est. reading time":"5 minut"},"schema":{"@context":"https:\/\/schema.org","@graph":[{"@type":"WebPage","@id":"https:\/\/openline-vitaly.com\/sl\/pravilnik-o-zasebnosti","url":"https:\/\/openline-vitaly.com\/sl\/pravilnik-o-zasebnosti","name":"Politika zasebnosti","isPartOf":{"@id":"https:\/\/openline-vitaly.com\/sl#website"},"datePublished":"2022-02-25T10:17:51+00:00","dateModified":"2025-02-05T13:54:35+00:00","breadcrumb":{"@id":"https:\/\/openline-vitaly.com\/sl\/pravilnik-o-zasebnosti#breadcrumb"},"inLanguage":"sl-SI","potentialAction":[{"@type":"ReadAction","target":["https:\/\/openline-vitaly.com\/sl\/pravilnik-o-zasebnosti"]}]},{"@type":"BreadcrumbList","@id":"https:\/\/openline-vitaly.com\/sl\/pravilnik-o-zasebnosti#breadcrumb","itemListElement":[{"@type":"ListItem","position":1,"name":"Home","item":"https:\/\/openline-vitaly.com\/sl"},{"@type":"ListItem","position":2,"name":"Politika zasebnosti"}]},{"@type":"WebSite","@id":"https:\/\/openline-vitaly.com\/sl#website","url":"https:\/\/openline-vitaly.com\/sl","name":"Open Line Vitaly","description":"We design and develop user-friendly solutions that simplify collaboration across healthcare settings and bring valuable results.","publisher":{"@id":"https:\/\/openline-vitaly.com\/sl#organization"},"potentialAction":[{"@type":"SearchAction","target":{"@type":"EntryPoint","urlTemplate":"https:\/\/openline-vitaly.com\/sl?s={search_term_string}"},"query-input":{"@type":"PropertyValueSpecification","valueRequired":true,"valueName":"search_term_string"}}],"inLanguage":"sl-SI"},{"@type":"Organization","@id":"https:\/\/openline-vitaly.com\/sl#organization","name":"Parsek","url":"https:\/\/openline-vitaly.com\/sl","logo":{"@type":"ImageObject","inLanguage":"sl-SI","@id":"https:\/\/openline-vitaly.com\/sl#\/schema\/logo\/image\/","url":"https:\/\/openline-vitaly.com\/wp-content\/uploads\/2018\/11\/Parsek-logo-black@2x.png","contentUrl":"https:\/\/openline-vitaly.com\/wp-content\/uploads\/2018\/11\/Parsek-logo-black@2x.png","width":1754,"height":1242,"caption":"Parsek"},"image":{"@id":"https:\/\/openline-vitaly.com\/sl#\/schema\/logo\/image\/"}}]}},"_links":{"self":[{"href":"https:\/\/openline-vitaly.com\/sl\/wp-json\/wp\/v2\/pages\/15259"}],"collection":[{"href":"https:\/\/openline-vitaly.com\/sl\/wp-json\/wp\/v2\/pages"}],"about":[{"href":"https:\/\/openline-vitaly.com\/sl\/wp-json\/wp\/v2\/types\/page"}],"author":[{"embeddable":true,"href":"https:\/\/openline-vitaly.com\/sl\/wp-json\/wp\/v2\/users\/1"}],"replies":[{"embeddable":true,"href":"https:\/\/openline-vitaly.com\/sl\/wp-json\/wp\/v2\/comments?post=15259"}],"version-history":[{"count":4,"href":"https:\/\/openline-vitaly.com\/sl\/wp-json\/wp\/v2\/pages\/15259\/revisions"}],"predecessor-version":[{"id":23201,"href":"https:\/\/openline-vitaly.com\/sl\/wp-json\/wp\/v2\/pages\/15259\/revisions\/23201"}],"wp:attachment":[{"href":"https:\/\/openline-vitaly.com\/sl\/wp-json\/wp\/v2\/media?parent=15259"}],"curies":[{"name":"wp","href":"https:\/\/api.w.org\/{rel}","templated":true}]}}